{"id":202,"date":"2018-05-21T12:26:33","date_gmt":"2018-05-21T10:26:33","guid":{"rendered":"http:\/\/www.maltezskyrad.cz\/gdpr\/?page_id=202"},"modified":"2018-05-21T12:31:31","modified_gmt":"2018-05-21T10:31:31","slug":"stranky-cvp","status":"publish","type":"page","link":"http:\/\/www.maltezskyrad.cz\/gdpr\/stranky-cvp\/","title":{"rendered":"Str\u00e1nky \u010cVP"},"content":{"rendered":"<p>Na ofici\u00e1ln\u00ed webov\u00e9 str\u00e1nky \u010cesk\u00e9ho velkop\u0159evorstv\u00ed Suver\u00e9nn\u00edho \u0159\u00e1du Malt\u00e9zsk\u00fdch ryt\u00ed\u0159\u016f p\u0159ejd\u011bte kliknut\u00edm <a href=\"http:\/\/www.maltezskyrad.cz\">zde<\/a>.<\/p>\n","protected":false},"excerpt":{"rendered":"<p>Na ofici\u00e1ln\u00ed webov\u00e9 str\u00e1nky \u010cesk\u00e9ho velkop\u0159evorstv\u00ed Suver\u00e9nn\u00edho \u0159\u00e1du Malt\u00e9zsk\u00fdch ryt\u00ed\u0159\u016f p\u0159ejd\u011bte kliknut\u00edm zde.<\/p>\n","protected":false},"author":1,"featured_media":0,"parent":0,"menu_order":0,"comment_status":"closed","ping_status":"closed","template":"","meta":[],"_links":{"self":[{"href":"http:\/\/www.maltezskyrad.cz\/gdpr\/wp-json\/wp\/v2\/pages\/202"}],"collection":[{"href":"http:\/\/www.maltezskyrad.cz\/gdpr\/wp-json\/wp\/v2\/pages"}],"about":[{"href":"http:\/\/www.maltezskyrad.cz\/gdpr\/wp-json\/wp\/v2\/types\/page"}],"author":[{"embeddable":true,"href":"http:\/\/www.maltezskyrad.cz\/gdpr\/wp-json\/wp\/v2\/users\/1"}],"replies":[{"embeddable":true,"href":"http:\/\/www.maltezskyrad.cz\/gdpr\/wp-json\/wp\/v2\/comments?post=202"}],"version-history":[{"count":4,"href":"http:\/\/www.maltezskyrad.cz\/gdpr\/wp-json\/wp\/v2\/pages\/202\/revisions"}],"predecessor-version":[{"id":207,"href":"http:\/\/www.maltezskyrad.cz\/gdpr\/wp-json\/wp\/v2\/pages\/202\/revisions\/207"}],"wp:attachment":[{"href":"http:\/\/www.maltezskyrad.cz\/gdpr\/wp-json\/wp\/v2\/media?parent=202"}],"curies":[{"name":"wp","href":"https:\/\/api.w.org\/{rel}","templated":true}]}}